{"id":336,"date":"2023-03-27T16:28:27","date_gmt":"2023-03-27T14:28:27","guid":{"rendered":"http:\/\/irina-salkow.de\/?page_id=336"},"modified":"2023-03-27T16:47:52","modified_gmt":"2023-03-27T14:47:52","slug":"datenschutz","status":"publish","type":"page","link":"https:\/\/irina-salkow.de\/?page_id=336","title":{"rendered":"Datenschutz"},"content":{"rendered":"\n<p><strong>Geltungsbereich<\/strong><br>Die Verarbeitung personenbezogener Daten, beispielsweise des Namens, der Anschrift, E-Mail-Adresse oder Telefonnummer einer betroffenen Person, erfolgt im Einklang mit den Erfordernissen der Datenschutz-Grundverordnung (DSGVO) und in \u00dcbereinstimmung mit den f\u00fcr uns geltenden landesspezifischen Datenschutzbestimmungen (DSAnpUG-EU \/ BDSG) . Mittels dieser Datenschutzerkl\u00e4rung m\u00f6chten wie Sie \u00fcber Art, Umfang und Zweck der von uns verarbeiteten personenbezogenen Daten informieren. Ferner werden Sie mittels dieser Datenschutzerkl\u00e4rung \u00fcber die ihnen zustehenden Rechte aufgekl\u00e4rt. Im Allgemeinen ist es f\u00fcr die Nutzung unserer Internetseite nicht erforderlich, dass Sie personenbezogene Daten angeben. Um im Einzelfall jedoch unsere Services anbieten zu k\u00f6nnen, ben\u00f6tigen wir ggf. Ihre personenbezogenen Daten, zum Beispiel bei der Zusendung von Informationsmaterial sowie auch f\u00fcr die Beantwortung individueller Anfragen. Ist die Verarbeitung personenbezogener Daten erforderlich und besteht f\u00fcr eine solche Verarbeitung keine gesetzliche Grundlage, holen wir generell die Einwilligung der betroffenen Person ein. Wir haben zahlreiche technische und organisatorische Ma\u00dfnahmen umgesetzt, um einen m\u00f6glichst l\u00fcckenlosen Schutz der \u00fcber diese Internetseite verarbeiteten personenbezogenen Daten sicherzustellen.<br><br><strong>Name und Anschrift des Verantwortlichen<\/strong><br>Verantwortlicher im Sinne der DSGVO und des DSAnpUG-EU \/ BDSG und anderer Bestimmungen mit datenschutzrechtlichem Charakter ist:<br>Irina Salkow<br>Manitiusstr. 16<br>12047 Berlin<br>0173 100 6901<br><a rel=\"noreferrer noopener\" href=\"mailto:irikow@web.de\" target=\"_blank\">irikow@web.de<\/a><br><br><br><br><br><br><br><br><br><strong>Log-Files<\/strong><br>Beim Zugriff auf unsere Internetseiten \u00fcbermittelt Ihr Internet-Browser automatisch Daten an unseren Webserver. Hierbei handelt es unter anderem um Browsertyp und -version, verwendetes Betriebssystem, verweisende URL, Name der abgerufenen Datei, \u00fcbertragene Datenmenge, Datum und Uhrzeit des Zugriffs sowie Ihre IP-Adresse. Die Erhebung und Speicherung erfolgt ausschlie\u00dflich in anonymisierter oder pseudonymisierter Form und l\u00e4sst keinen R\u00fcckschluss auf Sie als nat\u00fcrliche Person zu. Sie werden getrennt von anderen Daten, die Sie im Rahmen der Nutzung unseres Internetangebots eingeben, gespeichert. Ihre Auswertung erfolgt nur zu statistischen Zwecken.\u00a0\u00a0<br><br><strong>Kontaktaufnahme<\/strong><br>Bei der Kontaktaufnahme mit uns (z.B. per Kontaktformular, E-Mail, Telefon oder via sozialer Medien) werden die Angaben des Nutzers zur Bearbeitung der Kontaktanfrage und deren Abwicklung gem. Art. 6 Abs. 1 lit. b) DSGVO verarbeitet. Die Angaben der Nutzer k\u00f6nnen in einem Customer-Relationship-Management System (&#8222;CRM System&#8220;) oder vergleichbarer Anfragenorganisation gespeichert werden. Wir l\u00f6schen die Anfragen, sofern diese nicht mehr erforderlich sind. Wir \u00fcberpr\u00fcfen die Erforderlichkeit alle zwei Jahre; Ferner gelten die gesetzlichen Archivierungspflichten.<br><br><strong>SSL- Verschl\u00fcsselung<\/strong><br>Diese Seite nutzt aus Gr\u00fcnden der Sicherheit und zum Schutz der \u00dcbertragung vertraulicher Inhalte, wie zum Beispiel der Anfragen, die Sie an uns als Seitenbetreiber senden, eine SSL-Verschl\u00fcsselung. Eine verschl\u00fcsselte Verbindung erkennen Sie daran, dass die Adresszeile des Browsers von &#8222;http:\/\/&#8220; auf &#8222;https:\/\/&#8220; wechselt und an dem Schloss-Symbol in Ihrer Browserzeile. Wenn die SSL Verschl\u00fcsselung aktiviert ist, k\u00f6nnen die Daten, die Sie an uns \u00fcbermitteln, nicht von Dritten mitgelesen werden.<br><br><strong>Recht auf Auskunft, L\u00f6schung, Sperrung<\/strong><br>Sie haben jederzeit das Recht auf unentgeltliche Auskunft \u00fcber Ihre gespeicherten personenbezogenen Daten, deren Herkunft und Empf\u00e4nger und den Zweck der Datenverarbeitung sowie ein Recht auf Berichtigung, Sperrung oder L\u00f6schung dieser Daten. Hierzu sowie zu weiteren Fragen zum Thema personenbezogene Daten k\u00f6nnen Sie sich jederzeit unter der im Impressum angegebenen Adresse an uns wenden.<\/p>\n","protected":false},"excerpt":{"rendered":"<p>GeltungsbereichDie Verarbeitung personenbezogener Daten, beispielsweise des Namens, der Anschrift, E-Mail-Adresse oder Telefonnummer einer betroffenen Person, erfolgt im Einklang mit den Erfordernissen der Datenschutz-Grundverordnung (DSGVO) und in \u00dcbereinstimmung mit den f\u00fcr uns geltenden landesspezifischen Datenschutzbestimmungen (DSAnpUG-EU \/ BDSG) . Mittels dieser Datenschutzerkl\u00e4rung m\u00f6chten wie Sie \u00fcber Art, Umfang und Zweck der von uns verarbeiteten personenbezogenen Daten [&hellip;]<\/p>\n","protected":false},"author":1,"featured_media":0,"parent":0,"menu_order":6,"comment_status":"closed","ping_status":"closed","template":"","meta":[],"_links":{"self":[{"href":"https:\/\/irina-salkow.de\/index.php?rest_route=\/wp\/v2\/pages\/336"}],"collection":[{"href":"https:\/\/irina-salkow.de\/index.php?rest_route=\/wp\/v2\/pages"}],"about":[{"href":"https:\/\/irina-salkow.de\/index.php?rest_route=\/wp\/v2\/types\/page"}],"author":[{"embeddable":true,"href":"https:\/\/irina-salkow.de\/index.php?rest_route=\/wp\/v2\/users\/1"}],"replies":[{"embeddable":true,"href":"https:\/\/irina-salkow.de\/index.php?rest_route=%2Fwp%2Fv2%2Fcomments&post=336"}],"version-history":[{"count":3,"href":"https:\/\/irina-salkow.de\/index.php?rest_route=\/wp\/v2\/pages\/336\/revisions"}],"predecessor-version":[{"id":341,"href":"https:\/\/irina-salkow.de\/index.php?rest_route=\/wp\/v2\/pages\/336\/revisions\/341"}],"wp:attachment":[{"href":"https:\/\/irina-salkow.de\/index.php?rest_route=%2Fwp%2Fv2%2Fmedia&parent=336"}],"curies":[{"name":"wp","href":"https:\/\/api.w.org\/{rel}","templated":true}]}}